{"id":240938,"date":"2024-02-16T09:35:46","date_gmt":"2024-02-16T08:35:46","guid":{"rendered":"https:\/\/wecair.eu\/?page_id=240938"},"modified":"2024-11-26T15:35:40","modified_gmt":"2024-11-26T14:35:40","slug":"financement-conditions","status":"publish","type":"page","link":"https:\/\/wecair.eu\/en\/financement-conditions\/","title":{"rendered":"FINANCEMENT 2024"},"content":{"rendered":"<div data-elementor-type=\"wp-page\" data-elementor-id=\"240938\" class=\"elementor elementor-240938\" data-elementor-post-type=\"page\">\r\n\t\t\t\t<div class=\"elementor-element elementor-element-0bad432 e-flex e-con-boxed e-con e-parent\" data-id=\"0bad432\" data-element_type=\"container\" data-settings=\"{&quot;background_background&quot;:&quot;classic&quot;}\">\r\n\t\t\t\t\t<div class=\"e-con-inner\">\r\n\t\t\t\t<div class=\"elementor-element elementor-element-9a1769d elementor-widget elementor-widget-heading\" data-id=\"9a1769d\" data-element_type=\"widget\" data-widget_type=\"heading.default\">\r\n\t\t\t\t<div class=\"elementor-widget-container\">\r\n\t\t\t<h1 class=\"elementor-heading-title elementor-size-default\">Financing : <br>\nA complete package with exceptional conditions<\/h1>\t\t<\/div>\r\n\t\t\t\t<\/div>\r\n\t\t\t\t<div class=\"elementor-element elementor-element-ae67ff8 elementor-widget elementor-widget-html\" data-id=\"ae67ff8\" data-element_type=\"widget\" data-widget_type=\"html.default\">\r\n\t\t\t\t<div class=\"elementor-widget-container\">\r\n\t\t\t\t\t<div data-elementor-type=\"section\" data-elementor-id=\"241097\" class=\"elementor elementor-241097\" data-elementor-post-type=\"elementor_library\">\n\t\t\t<div class=\"elementor-element elementor-element-16e6ba3 e-con-full e-flex e-con e-parent\" data-id=\"16e6ba3\" data-element_type=\"container\">\r\n\t\t\t\t<div class=\"elementor-element elementor-element-e2d6762 elementor-widget elementor-widget-html\" data-id=\"e2d6762\" data-element_type=\"widget\" data-widget_type=\"html.default\">\r\n\t\t\t\t<div class=\"elementor-widget-container\">\r\n\t\t\t<!-- static button start -->\n<a class=\"brevoButton\" href=\"\" onclick=\"BrevoBookingPage.initStaticButton({ url: 'https:\/\/meet.brevo.com\/wecairteam\/borderless?l=presentation' });return false;\" >I book a telephone appointment <i class=\"fas fa-phone\" style=\"margin-left: 2px;\"><\/i><\/a>\n<style>\n    .brevoButton:hover{\n        background: var(--e-global-color-8d84c08)!important;\n        color: white;\n    }\n    \n    \n    .brevoButton{\n          font-family: var( --e-global-typography-accent-font-family ), Sans-serif;\n  font-weight: var( --e-global-typography-accent-font-weight );\n  background-color: var( --e-global-color-accent );\n    font-size: var( --e-global-typography-primary-font-size );\n    padding: 12px 20px 12px 20px;\n    border-radius: 10px 10px 10px 10px;\n    color: white;\n    transition: all .3s;\n    display: inline-flex;\n        cursor: pointer; font-weight: 500; transition: .3s background; background-color:var( --e-global-color-accent ); color: white;  border: 0px; box-shadow: rgba(0, 0, 0, 0.15) 0px -2px 0px inset; border-radius: 8px; text-decoration: none; display: inline-block;\n    }\n<\/style>\n<!-- static button end -->\t\t<\/div>\r\n\t\t\t\t<\/div>\r\n\t\t\t\t<\/div>\r\n\t\t\t\t<\/div>\n\t\t\t\t<\/div>\r\n\t\t\t\t<\/div>\r\n\t\t\t\t\t<\/div>\r\n\t\t\t\t<\/div>\r\n\t\t<div class=\"elementor-element elementor-element-0bbd7bd e-flex e-con-boxed e-con e-parent\" data-id=\"0bbd7bd\" data-element_type=\"container\">\r\n\t\t\t\t\t<div class=\"e-con-inner\">\r\n\t\t\t\t<div class=\"elementor-element elementor-element-bf55815 elementor-widget elementor-widget-heading\" data-id=\"bf55815\" data-element_type=\"widget\" data-widget_type=\"heading.default\">\r\n\t\t\t\t<div class=\"elementor-widget-container\">\r\n\t\t\t<h2 class=\"elementor-heading-title elementor-size-default\">Our financing conditions<\/h2>\t\t<\/div>\r\n\t\t\t\t<\/div>\r\n\t\t\t\t\t<\/div>\r\n\t\t\t\t<\/div>\r\n\t\t<div class=\"elementor-element elementor-element-e75eea8 e-flex e-con-boxed e-con e-parent\" data-id=\"e75eea8\" data-element_type=\"container\">\r\n\t\t\t\t\t<div class=\"e-con-inner\">\r\n\t\t<div class=\"elementor-element elementor-element-fd89339 e-flex e-con-boxed e-con e-parent\" data-id=\"fd89339\" data-element_type=\"container\">\r\n\t\t\t\t\t<div class=\"e-con-inner\">\r\n\t\t\t\t<div class=\"elementor-element elementor-element-4960ade elementor-widget elementor-widget-heading\" data-id=\"4960ade\" data-element_type=\"widget\" data-widget_type=\"heading.default\">\r\n\t\t\t\t<div class=\"elementor-widget-container\">\r\n\t\t\t<h3 class=\"elementor-heading-title elementor-size-default\">Exceptional rate<\/h3>\t\t<\/div>\r\n\t\t\t\t<\/div>\r\n\t\t\t\t<div class=\"elementor-element elementor-element-ce5853c elementor-widget elementor-widget-heading\" data-id=\"ce5853c\" data-element_type=\"widget\" data-widget_type=\"heading.default\">\r\n\t\t\t\t<div class=\"elementor-widget-container\">\r\n\t\t\t<div class=\"elementor-heading-title elementor-size-default\">1,99%<\/div>\t\t<\/div>\r\n\t\t\t\t<\/div>\r\n\t\t\t\t<div class=\"elementor-element elementor-element-c693ad7 italic elementor-widget elementor-widget-text-editor\" data-id=\"c693ad7\" data-element_type=\"widget\" data-widget_type=\"text-editor.default\">\r\n\t\t\t\t<div class=\"elementor-widget-container\">\r\n\t\t\t\t\t\t\t<p>Loan at a student rate of 1.99% for the entire cost of training<\/p>\t\t\t\t\t\t<\/div>\r\n\t\t\t\t<\/div>\r\n\t\t\t\t<div class=\"elementor-element elementor-element-8e469f5 italic elementor-widget elementor-widget-text-editor\" data-id=\"8e469f5\" data-element_type=\"widget\" data-widget_type=\"text-editor.default\">\r\n\t\t\t\t<div class=\"elementor-widget-container\">\r\n\t\t\t\t\t\t\t<p><em>* Rate as of 01\/11\/2024<\/em><\/p>\t\t\t\t\t\t<\/div>\r\n\t\t\t\t<\/div>\r\n\t\t\t\t\t<\/div>\r\n\t\t\t\t<\/div>\r\n\t\t<div class=\"elementor-element elementor-element-7ea4424 e-flex e-con-boxed e-con e-parent\" data-id=\"7ea4424\" data-element_type=\"container\">\r\n\t\t\t\t\t<div class=\"e-con-inner\">\r\n\t\t\t\t<div class=\"elementor-element elementor-element-aabb789 elementor-widget elementor-widget-heading\" data-id=\"aabb789\" data-element_type=\"widget\" data-widget_type=\"heading.default\">\r\n\t\t\t\t<div class=\"elementor-widget-container\">\r\n\t\t\t<h3 class=\"elementor-heading-title elementor-size-default\">Duration<\/h3>\t\t<\/div>\r\n\t\t\t\t<\/div>\r\n\t\t\t\t<div class=\"elementor-element elementor-element-0a88438 elementor-widget elementor-widget-heading\" data-id=\"0a88438\" data-element_type=\"widget\" data-widget_type=\"heading.default\">\r\n\t\t\t\t<div class=\"elementor-widget-container\">\r\n\t\t\t<div class=\"elementor-heading-title elementor-size-default\">12 years<\/div>\t\t<\/div>\r\n\t\t\t\t<\/div>\r\n\t\t\t\t\t<\/div>\r\n\t\t\t\t<\/div>\r\n\t\t<div class=\"elementor-element elementor-element-f9fcb21 e-flex e-con-boxed e-con e-parent\" data-id=\"f9fcb21\" data-element_type=\"container\">\r\n\t\t\t\t\t<div class=\"e-con-inner\">\r\n\t\t\t\t<div class=\"elementor-element elementor-element-c500fe2 elementor-widget elementor-widget-heading\" data-id=\"c500fe2\" data-element_type=\"widget\" data-widget_type=\"heading.default\">\r\n\t\t\t\t<div class=\"elementor-widget-container\">\r\n\t\t\t<h3 class=\"elementor-heading-title elementor-size-default\">Deferred repayment<\/h3>\t\t<\/div>\r\n\t\t\t\t<\/div>\r\n\t\t\t\t<div class=\"elementor-element elementor-element-ae06eb1 elementor-widget elementor-widget-heading\" data-id=\"ae06eb1\" data-element_type=\"widget\" data-widget_type=\"heading.default\">\r\n\t\t\t\t<div class=\"elementor-widget-container\">\r\n\t\t\t<div class=\"elementor-heading-title elementor-size-default\">60 months<\/div>\t\t<\/div>\r\n\t\t\t\t<\/div>\r\n\t\t\t\t<div class=\"elementor-element elementor-element-f55feed italic elementor-widget elementor-widget-text-editor\" data-id=\"f55feed\" data-element_type=\"widget\" data-widget_type=\"text-editor.default\">\r\n\t\t\t\t<div class=\"elementor-widget-container\">\r\n\t\t\t\t\t\t\t<p>Your reimbursement begins 5 years after the start of your training; i.e. 38 months after the end of your training<\/p>\t\t\t\t\t\t<\/div>\r\n\t\t\t\t<\/div>\r\n\t\t\t\t\t<\/div>\r\n\t\t\t\t<\/div>\r\n\t\t\t\t\t<\/div>\r\n\t\t\t\t<\/div>\r\n\t\t<div class=\"elementor-element elementor-element-d009c6a e-flex e-con-boxed e-con e-parent\" data-id=\"d009c6a\" data-element_type=\"container\">\r\n\t\t\t\t\t<div class=\"e-con-inner\">\r\n\t\t<div class=\"elementor-element elementor-element-50b8b26 e-flex e-con-boxed e-con e-parent\" data-id=\"50b8b26\" data-element_type=\"container\" data-settings=\"{&quot;background_background&quot;:&quot;classic&quot;}\">\r\n\t\t\t\t\t<div class=\"e-con-inner\">\r\n\t\t\t\t<div class=\"elementor-element elementor-element-6f96722 elementor-widget elementor-widget-heading\" data-id=\"6f96722\" data-element_type=\"widget\" data-widget_type=\"heading.default\">\r\n\t\t\t\t<div class=\"elementor-widget-container\">\r\n\t\t\t<h3 class=\"elementor-heading-title elementor-size-default\">Prerequisites:<\/h3>\t\t<\/div>\r\n\t\t\t\t<\/div>\r\n\t\t\t\t<div class=\"elementor-element elementor-element-3ca2f39 elementor-icon-list--layout-inline italic elementor-list-item-link-full_width elementor-widget elementor-widget-icon-list\" data-id=\"3ca2f39\" data-element_type=\"widget\" data-widget_type=\"icon-list.default\">\r\n\t\t\t\t<div class=\"elementor-widget-container\">\r\n\t\t\t\t\t<ul class=\"elementor-icon-list-items elementor-inline-items\">\r\n\t\t\t\t\t\t\t<li class=\"elementor-icon-list-item elementor-inline-item\">\r\n\t\t\t\t\t\t\t\t\t\t\t<span class=\"elementor-icon-list-icon\">\r\n\t\t\t\t\t\t\t<i aria-hidden=\"true\" class=\"fas fa-check\"><\/i>\t\t\t\t\t\t<\/span>\r\n\t\t\t\t\t\t\t\t\t\t<span class=\"elementor-icon-list-text\">Pass the Wecair admissions tests<\/span>\r\n\t\t\t\t\t\t\t\t\t<\/li>\r\n\t\t\t\t\t\t<\/ul>\r\n\t\t\t\t<\/div>\r\n\t\t\t\t<\/div>\r\n\t\t\t\t<div class=\"elementor-element elementor-element-c66d551 elementor-icon-list--layout-inline italic elementor-list-item-link-full_width elementor-widget elementor-widget-icon-list\" data-id=\"c66d551\" data-element_type=\"widget\" data-widget_type=\"icon-list.default\">\r\n\t\t\t\t<div class=\"elementor-widget-container\">\r\n\t\t\t\t\t<ul class=\"elementor-icon-list-items elementor-inline-items\">\r\n\t\t\t\t\t\t\t<li class=\"elementor-icon-list-item elementor-inline-item\">\r\n\t\t\t\t\t\t\t\t\t\t\t<span class=\"elementor-icon-list-icon\">\r\n\t\t\t\t\t\t\t<i aria-hidden=\"true\" class=\"fas fa-check\"><\/i>\t\t\t\t\t\t<\/span>\r\n\t\t\t\t\t\t\t\t\t\t<span class=\"elementor-icon-list-text\">Have a guarantor in mainland France<\/span>\r\n\t\t\t\t\t\t\t\t\t<\/li>\r\n\t\t\t\t\t\t<\/ul>\r\n\t\t\t\t<\/div>\r\n\t\t\t\t<\/div>\r\n\t\t\t\t<div class=\"elementor-element elementor-element-1395553 elementor-icon-list--layout-inline italic elementor-list-item-link-full_width elementor-widget elementor-widget-icon-list\" data-id=\"1395553\" data-element_type=\"widget\" data-widget_type=\"icon-list.default\">\r\n\t\t\t\t<div class=\"elementor-widget-container\">\r\n\t\t\t\t\t<ul class=\"elementor-icon-list-items elementor-inline-items\">\r\n\t\t\t\t\t\t\t<li class=\"elementor-icon-list-item elementor-inline-item\">\r\n\t\t\t\t\t\t\t\t\t\t\t<span class=\"elementor-icon-list-icon\">\r\n\t\t\t\t\t\t\t<i aria-hidden=\"true\" class=\"fas fa-check\"><\/i>\t\t\t\t\t\t<\/span>\r\n\t\t\t\t\t\t\t\t\t\t<span class=\"elementor-icon-list-text\">Subject to the bank\u2019s approval of your application<\/span>\r\n\t\t\t\t\t\t\t\t\t<\/li>\r\n\t\t\t\t\t\t<\/ul>\r\n\t\t\t\t<\/div>\r\n\t\t\t\t<\/div>\r\n\t\t\t\t\t<\/div>\r\n\t\t\t\t<\/div>\r\n\t\t\t\t\t<\/div>\r\n\t\t\t\t<\/div>\r\n\t\t<div class=\"elementor-element elementor-element-994ecba e-con-full e-flex e-con e-parent\" data-id=\"994ecba\" data-element_type=\"container\">\r\n\t\t\t\t<div class=\"elementor-element elementor-element-c347ac3 elementor-widget elementor-widget-shortcode\" data-id=\"c347ac3\" data-element_type=\"widget\" data-widget_type=\"shortcode.default\">\r\n\t\t\t\t<div class=\"elementor-widget-container\">\r\n\t\t\t\t\t<div class=\"elementor-shortcode\">\t\t<div data-elementor-type=\"container\" data-elementor-id=\"240932\" class=\"elementor elementor-240932\" data-elementor-post-type=\"elementor_library\">\r\n\t\t\t\t<div class=\"elementor-element elementor-element-7d033b5f e-flex e-con-boxed e-con e-parent\" data-id=\"7d033b5f\" data-element_type=\"container\">\r\n\t\t\t\t\t<div class=\"e-con-inner\">\r\n\t\t<div class=\"elementor-element elementor-element-9a64a7b e-flex e-con-boxed e-con e-parent\" data-id=\"9a64a7b\" data-element_type=\"container\" data-settings=\"{&quot;background_background&quot;:&quot;classic&quot;}\">\r\n\t\t\t\t\t<div class=\"e-con-inner\">\r\n\t\t\t\t<div class=\"elementor-element elementor-element-49990184 elementor-widget elementor-widget-heading\" data-id=\"49990184\" data-element_type=\"widget\" data-widget_type=\"heading.default\">\r\n\t\t\t\t<div class=\"elementor-widget-container\">\r\n\t\t\t<h2 class=\"elementor-heading-title elementor-size-default\">Join us and become an airline pilot<\/h2>\t\t<\/div>\r\n\t\t\t\t<\/div>\r\n\t\t<div class=\"elementor-element elementor-element-4684b374 e-flex e-con-boxed e-con e-parent\" data-id=\"4684b374\" data-element_type=\"container\">\r\n\t\t\t\t\t<div class=\"e-con-inner\">\r\n\t\t\t\t<div class=\"elementor-element elementor-element-6444ce11 elementor-mobile-align-justify elementor-widget-mobile__width-inherit elementor-widget elementor-widget-button\" data-id=\"6444ce11\" data-element_type=\"widget\" data-widget_type=\"button.default\">\r\n\t\t\t\t<div class=\"elementor-widget-container\">\r\n\t\t\t\t\t\t\t<div class=\"elementor-button-wrapper\">\r\n\t\t\t\t\t<a class=\"elementor-button elementor-button-link elementor-size-sm\" href=\"https:\/\/wecair.eu\/en\/contact-wecair\/\">\r\n\t\t\t\t\t\t<span class=\"elementor-button-content-wrapper\">\r\n\t\t\t\t\t\t\t\t\t<span class=\"elementor-button-text\">Contact us<\/span>\r\n\t\t\t\t\t<\/span>\r\n\t\t\t\t\t<\/a>\r\n\t\t\t\t<\/div>\r\n\t\t\t\t\t\t<\/div>\r\n\t\t\t\t<\/div>\r\n\t\t\t\t<div class=\"elementor-element elementor-element-6efbe60a elementor-mobile-align-justify elementor-widget-mobile__width-inherit elementor-widget elementor-widget-button\" data-id=\"6efbe60a\" data-element_type=\"widget\" data-widget_type=\"button.default\">\r\n\t\t\t\t<div class=\"elementor-widget-container\">\r\n\t\t\t\t\t\t\t<div class=\"elementor-button-wrapper\">\r\n\t\t\t\t\t<a class=\"elementor-button elementor-button-link elementor-size-sm\" href=\"https:\/\/wecair.eu\/en\/comment-postuler-pour-integrer-la-formation-de-pilote-de-ligne\/\">\r\n\t\t\t\t\t\t<span class=\"elementor-button-content-wrapper\">\r\n\t\t\t\t\t\t\t\t\t<span class=\"elementor-button-text\">How to join our school?<\/span>\r\n\t\t\t\t\t<\/span>\r\n\t\t\t\t\t<\/a>\r\n\t\t\t\t<\/div>\r\n\t\t\t\t\t\t<\/div>\r\n\t\t\t\t<\/div>\r\n\t\t\t\t\t<\/div>\r\n\t\t\t\t<\/div>\r\n\t\t\t\t\t<\/div>\r\n\t\t\t\t<\/div>\r\n\t\t\t\t\t<\/div>\r\n\t\t\t\t<\/div>\r\n\t\t\t\t<\/div>\r\n\t\t<\/div>\r\n\t\t\t\t<\/div>\r\n\t\t\t\t<\/div>\r\n\t\t\t\t<\/div>\r\n\t\t\t\t<\/div>","protected":false},"excerpt":{"rendered":"<p>Le financement : Une solution cl\u00e9 en main \u00e0 des conditions exceptionnelles Nos conditions de financement Taux exceptionnel 1,99% Pr\u00eat \u00e0 un taux \u00e9tudiant de 1,99% pour l\u2019Int\u00e9gralit\u00e9 du co\u00fbt de la formation *Taux au 01\/11\/2024 Dur\u00e9e 12 ans Diff\u00e9r\u00e9 de remboursement 60 mois Votre remboursement commence que 5 ans apr\u00e8s le d\u00e9but de votre [&hellip;]<\/p>\n","protected":false},"author":1,"featured_media":241487,"parent":0,"menu_order":0,"comment_status":"closed","ping_status":"closed","template":"","meta":{"inline_featured_image":false,"footnotes":""},"class_list":["post-240938","page","type-page","status-publish","has-post-thumbnail","hentry"],"yoast_head":"<!-- This site is optimized with the Yoast SEO plugin v27.1 - https:\/\/yoast.com\/product\/yoast-seo-wordpress\/ -->\n<title>Comment financer la formation de pilote de ligne ? - Wecair<\/title>\n<meta name=\"description\" content=\"Comment devenir pilote de ligne ? Wecair vous explique comment financer la formation de pilote de ligne et comment r\u00e9ussir \u00e0 devenir pilote !\" \/>\n<meta name=\"robots\" content=\"index, follow, max-snippet:-1, max-image-preview:large, max-video-preview:-1\" \/>\n<link rel=\"canonical\" href=\"https:\/\/wecair.eu\/en\/financement-conditions\/\" \/>\n<meta property=\"og:locale\" content=\"en_US\" \/>\n<meta property=\"og:type\" content=\"article\" \/>\n<meta property=\"og:title\" content=\"Comment financer la formation de pilote de ligne ? - Wecair\" \/>\n<meta property=\"og:description\" content=\"Comment devenir pilote de ligne ? Wecair vous explique comment financer la formation de pilote de ligne et comment r\u00e9ussir \u00e0 devenir pilote !\" \/>\n<meta property=\"og:url\" content=\"https:\/\/wecair.eu\/en\/financement-conditions\/\" \/>\n<meta property=\"og:site_name\" content=\"Wecair\" \/>\n<meta property=\"article:publisher\" content=\"https:\/\/www.facebook.com\/Wecairpilotschool\/\" \/>\n<meta property=\"article:modified_time\" content=\"2024-11-26T14:35:40+00:00\" \/>\n<meta property=\"og:image\" content=\"https:\/\/wecair.eu\/wp-content\/uploads\/2024\/02\/WhatsApp-Image-2024-02-01-at-17.00-1.jpg\" \/>\n\t<meta property=\"og:image:width\" content=\"1024\" \/>\n\t<meta property=\"og:image:height\" content=\"768\" \/>\n\t<meta property=\"og:image:type\" content=\"image\/jpeg\" \/>\n<meta name=\"twitter:label1\" content=\"Est. reading time\" \/>\n\t<meta name=\"twitter:data1\" content=\"1 minute\" \/>\n<script type=\"application\/ld+json\" class=\"yoast-schema-graph\">{\"@context\":\"https:\/\/schema.org\",\"@graph\":[{\"@type\":\"WebPage\",\"@id\":\"https:\/\/wecair.eu\/financement-conditions\/\",\"url\":\"https:\/\/wecair.eu\/financement-conditions\/\",\"name\":\"Comment financer la formation de pilote de ligne ? - Wecair\",\"isPartOf\":{\"@id\":\"https:\/\/wecair.eu\/#website\"},\"primaryImageOfPage\":{\"@id\":\"https:\/\/wecair.eu\/financement-conditions\/#primaryimage\"},\"image\":{\"@id\":\"https:\/\/wecair.eu\/financement-conditions\/#primaryimage\"},\"thumbnailUrl\":\"https:\/\/wecair.eu\/wp-content\/uploads\/2024\/02\/WhatsApp-Image-2024-02-01-at-17.00-1.jpg\",\"datePublished\":\"2024-02-16T08:35:46+00:00\",\"dateModified\":\"2024-11-26T14:35:40+00:00\",\"description\":\"Comment devenir pilote de ligne ? Wecair vous explique comment financer la formation de pilote de ligne et comment r\u00e9ussir \u00e0 devenir pilote !\",\"breadcrumb\":{\"@id\":\"https:\/\/wecair.eu\/financement-conditions\/#breadcrumb\"},\"inLanguage\":\"en-US\",\"potentialAction\":[{\"@type\":\"ReadAction\",\"target\":[\"https:\/\/wecair.eu\/financement-conditions\/\"]}]},{\"@type\":\"ImageObject\",\"inLanguage\":\"en-US\",\"@id\":\"https:\/\/wecair.eu\/financement-conditions\/#primaryimage\",\"url\":\"https:\/\/wecair.eu\/wp-content\/uploads\/2024\/02\/WhatsApp-Image-2024-02-01-at-17.00-1.jpg\",\"contentUrl\":\"https:\/\/wecair.eu\/wp-content\/uploads\/2024\/02\/WhatsApp-Image-2024-02-01-at-17.00-1.jpg\",\"width\":1024,\"height\":768,\"caption\":\"Photo Wecair USA \u00e9l\u00e8ves pilotes\"},{\"@type\":\"BreadcrumbList\",\"@id\":\"https:\/\/wecair.eu\/financement-conditions\/#breadcrumb\",\"itemListElement\":[{\"@type\":\"ListItem\",\"position\":1,\"name\":\"Accueil\",\"item\":\"https:\/\/wecair.eu\/\"},{\"@type\":\"ListItem\",\"position\":2,\"name\":\"FINANCEMENT 2024\"}]},{\"@type\":\"WebSite\",\"@id\":\"https:\/\/wecair.eu\/#website\",\"url\":\"https:\/\/wecair.eu\/\",\"name\":\"Wecair\",\"description\":\"\u00c9cole internationale de formation de pilote de ligne\",\"publisher\":{\"@id\":\"https:\/\/wecair.eu\/#organization\"},\"potentialAction\":[{\"@type\":\"SearchAction\",\"target\":{\"@type\":\"EntryPoint\",\"urlTemplate\":\"https:\/\/wecair.eu\/?s={search_term_string}\"},\"query-input\":{\"@type\":\"PropertyValueSpecification\",\"valueRequired\":true,\"valueName\":\"search_term_string\"}}],\"inLanguage\":\"en-US\"},{\"@type\":\"Organization\",\"@id\":\"https:\/\/wecair.eu\/#organization\",\"name\":\"Wecair\",\"url\":\"https:\/\/wecair.eu\/\",\"logo\":{\"@type\":\"ImageObject\",\"inLanguage\":\"en-US\",\"@id\":\"https:\/\/wecair.eu\/#\/schema\/logo\/image\/\",\"url\":\"https:\/\/wecair.eu\/wp-content\/uploads\/2024\/01\/Wecair-Logo.png\",\"contentUrl\":\"https:\/\/wecair.eu\/wp-content\/uploads\/2024\/01\/Wecair-Logo.png\",\"width\":140,\"height\":28,\"caption\":\"Wecair\"},\"image\":{\"@id\":\"https:\/\/wecair.eu\/#\/schema\/logo\/image\/\"},\"sameAs\":[\"https:\/\/www.facebook.com\/Wecairpilotschool\/\",\"https:\/\/www.instagram.com\/wecair\/\"]}]}<\/script>\n<!-- \/ Yoast SEO plugin. -->","yoast_head_json":{"title":"Comment financer la formation de pilote de ligne ? - Wecair","description":"Comment devenir pilote de ligne ? Wecair vous explique comment financer la formation de pilote de ligne et comment r\u00e9ussir \u00e0 devenir pilote !","robots":{"index":"index","follow":"follow","max-snippet":"max-snippet:-1","max-image-preview":"max-image-preview:large","max-video-preview":"max-video-preview:-1"},"canonical":"https:\/\/wecair.eu\/en\/financement-conditions\/","og_locale":"en_US","og_type":"article","og_title":"Comment financer la formation de pilote de ligne ? - Wecair","og_description":"Comment devenir pilote de ligne ? Wecair vous explique comment financer la formation de pilote de ligne et comment r\u00e9ussir \u00e0 devenir pilote !","og_url":"https:\/\/wecair.eu\/en\/financement-conditions\/","og_site_name":"Wecair","article_publisher":"https:\/\/www.facebook.com\/Wecairpilotschool\/","article_modified_time":"2024-11-26T14:35:40+00:00","og_image":[{"width":1024,"height":768,"url":"https:\/\/wecair.eu\/wp-content\/uploads\/2024\/02\/WhatsApp-Image-2024-02-01-at-17.00-1.jpg","type":"image\/jpeg"}],"twitter_misc":{"Est. reading time":"1 minute"},"schema":{"@context":"https:\/\/schema.org","@graph":[{"@type":"WebPage","@id":"https:\/\/wecair.eu\/financement-conditions\/","url":"https:\/\/wecair.eu\/financement-conditions\/","name":"Comment financer la formation de pilote de ligne ? - Wecair","isPartOf":{"@id":"https:\/\/wecair.eu\/#website"},"primaryImageOfPage":{"@id":"https:\/\/wecair.eu\/financement-conditions\/#primaryimage"},"image":{"@id":"https:\/\/wecair.eu\/financement-conditions\/#primaryimage"},"thumbnailUrl":"https:\/\/wecair.eu\/wp-content\/uploads\/2024\/02\/WhatsApp-Image-2024-02-01-at-17.00-1.jpg","datePublished":"2024-02-16T08:35:46+00:00","dateModified":"2024-11-26T14:35:40+00:00","description":"Comment devenir pilote de ligne ? Wecair vous explique comment financer la formation de pilote de ligne et comment r\u00e9ussir \u00e0 devenir pilote !","breadcrumb":{"@id":"https:\/\/wecair.eu\/financement-conditions\/#breadcrumb"},"inLanguage":"en-US","potentialAction":[{"@type":"ReadAction","target":["https:\/\/wecair.eu\/financement-conditions\/"]}]},{"@type":"ImageObject","inLanguage":"en-US","@id":"https:\/\/wecair.eu\/financement-conditions\/#primaryimage","url":"https:\/\/wecair.eu\/wp-content\/uploads\/2024\/02\/WhatsApp-Image-2024-02-01-at-17.00-1.jpg","contentUrl":"https:\/\/wecair.eu\/wp-content\/uploads\/2024\/02\/WhatsApp-Image-2024-02-01-at-17.00-1.jpg","width":1024,"height":768,"caption":"Photo Wecair USA \u00e9l\u00e8ves pilotes"},{"@type":"BreadcrumbList","@id":"https:\/\/wecair.eu\/financement-conditions\/#breadcrumb","itemListElement":[{"@type":"ListItem","position":1,"name":"Accueil","item":"https:\/\/wecair.eu\/"},{"@type":"ListItem","position":2,"name":"FINANCEMENT 2024"}]},{"@type":"WebSite","@id":"https:\/\/wecair.eu\/#website","url":"https:\/\/wecair.eu\/","name":"Wecair","description":"\u00c9cole internationale de formation de pilote de ligne","publisher":{"@id":"https:\/\/wecair.eu\/#organization"},"potentialAction":[{"@type":"SearchAction","target":{"@type":"EntryPoint","urlTemplate":"https:\/\/wecair.eu\/?s={search_term_string}"},"query-input":{"@type":"PropertyValueSpecification","valueRequired":true,"valueName":"search_term_string"}}],"inLanguage":"en-US"},{"@type":"Organization","@id":"https:\/\/wecair.eu\/#organization","name":"Wecair","url":"https:\/\/wecair.eu\/","logo":{"@type":"ImageObject","inLanguage":"en-US","@id":"https:\/\/wecair.eu\/#\/schema\/logo\/image\/","url":"https:\/\/wecair.eu\/wp-content\/uploads\/2024\/01\/Wecair-Logo.png","contentUrl":"https:\/\/wecair.eu\/wp-content\/uploads\/2024\/01\/Wecair-Logo.png","width":140,"height":28,"caption":"Wecair"},"image":{"@id":"https:\/\/wecair.eu\/#\/schema\/logo\/image\/"},"sameAs":["https:\/\/www.facebook.com\/Wecairpilotschool\/","https:\/\/www.instagram.com\/wecair\/"]}]}},"_links":{"self":[{"href":"https:\/\/wecair.eu\/en\/wp-json\/wp\/v2\/pages\/240938","targetHints":{"allow":["GET"]}}],"collection":[{"href":"https:\/\/wecair.eu\/en\/wp-json\/wp\/v2\/pages"}],"about":[{"href":"https:\/\/wecair.eu\/en\/wp-json\/wp\/v2\/types\/page"}],"author":[{"embeddable":true,"href":"https:\/\/wecair.eu\/en\/wp-json\/wp\/v2\/users\/1"}],"replies":[{"embeddable":true,"href":"https:\/\/wecair.eu\/en\/wp-json\/wp\/v2\/comments?post=240938"}],"version-history":[{"count":0,"href":"https:\/\/wecair.eu\/en\/wp-json\/wp\/v2\/pages\/240938\/revisions"}],"wp:featuredmedia":[{"embeddable":true,"href":"https:\/\/wecair.eu\/en\/wp-json\/wp\/v2\/media\/241487"}],"wp:attachment":[{"href":"https:\/\/wecair.eu\/en\/wp-json\/wp\/v2\/media?parent=240938"}],"curies":[{"name":"wp","href":"https:\/\/api.w.org\/{rel}","templated":true}]}}