{"id":3455,"date":"2021-03-11T11:01:03","date_gmt":"2021-03-11T10:01:03","guid":{"rendered":"https:\/\/wecair.eu\/?page_id=3455"},"modified":"2024-03-13T18:34:40","modified_gmt":"2024-03-13T17:34:40","slug":"cgu","status":"publish","type":"page","link":"https:\/\/wecair.eu\/en\/cgu\/","title":{"rendered":"CGU"},"content":{"rendered":"\t\t<div data-elementor-type=\"wp-page\" data-elementor-id=\"3455\" class=\"elementor elementor-3455\" data-elementor-post-type=\"page\">\r\n\t\t\t\t\t\t<section class=\"elementor-section elementor-top-section elementor-element elementor-element-71d4e603 elementor-section-height-min-height elementor-section-boxed elementor-section-height-default elementor-section-items-middle\" data-id=\"71d4e603\" data-element_type=\"section\" data-settings=\"{&quot;background_background&quot;:&quot;classic&quot;}\">\r\n\t\t\t\t\t\t<div class=\"elementor-container elementor-column-gap-default\">\r\n\t\t\t\t\t<div class=\"elementor-column elementor-col-100 elementor-top-column elementor-element elementor-element-21a2d0cd\" data-id=\"21a2d0cd\" data-element_type=\"column\">\r\n\t\t\t<div class=\"elementor-widget-wrap\">\r\n\t\t\t\t\t\t\t<\/div>\r\n\t\t<\/div>\r\n\t\t\t\t\t<\/div>\r\n\t\t<\/section>\r\n\t\t\t\t<section class=\"elementor-section elementor-top-section elementor-element elementor-element-63709d3 elementor-section-boxed elementor-section-height-default elementor-section-height-default\" data-id=\"63709d3\" data-element_type=\"section\">\r\n\t\t\t\t\t\t<div class=\"elementor-container elementor-column-gap-default\">\r\n\t\t\t\t\t<div class=\"elementor-column elementor-col-100 elementor-top-column elementor-element elementor-element-8acb8a2\" data-id=\"8acb8a2\" data-element_type=\"column\">\r\n\t\t\t<div class=\"elementor-widget-wrap elementor-element-populated\">\r\n\t\t\t\t\t\t<div class=\"elementor-element elementor-element-863e300 elementor-widget elementor-widget-text-editor\" data-id=\"863e300\" data-element_type=\"widget\" data-widget_type=\"text-editor.default\">\r\n\t\t\t\t<div class=\"elementor-widget-container\">\r\n\t\t\t\t\t\t\t<h1 style=\"font-family: 'Playfair Display'; font-weight: bold; font-size: 42px; color: #2b2b2b!important; text-align: center; line-height: 1.5em;\">Conditions G\u00e9n\u00e9rales d&rsquo;Utilisation<\/h1><div class=\"et_pb_module et_pb_text et_pb_text_1  et_pb_text_align_left et_pb_bg_layout_light\"><div class=\"et_pb_text_inner\"><p>Date de publication : 09\/10\/2017<\/p><p>Art 1. Objet<br \/>Les pr\u00e9sentes Conditions g\u00e9n\u00e9rales d\u2019utilisation (ci-apr\u00e8s d\u00e9nomm\u00e9e les \u00ab CGU \u00bb) fixent et d\u00e9terminent les r\u00e8gles d\u2019acc\u00e8s au site internet www.wecair.eu (ci-apr\u00e8s d\u00e9nomm\u00e9 le \u00ab Site \u00bb) \u00e9dit\u00e9 par la SAS WECAIR (ci-apr\u00e8s d\u00e9nomm\u00e9 le \u00ab Site \u00bb) et les conditions d\u2019utilisation des services fournis par WECAIR sur ou via le Site (ci-apr\u00e8s d\u00e9nomm\u00e9s les \u00ab Services \u00bb).<br \/>Les CGU sont applicables \u00e0 toute personne acc\u00e9dant au Site \u00e0 quelque titre que ce soit.<br \/>Art 2. Acceptation des conditions g\u00e9n\u00e9rales d\u00b4utilisation (CGU)<\/p><p>En acc\u00e9dant au Site et en le consultant, toute personne accepte automatiquement et sans aucune restriction les CGU. Toute personne ne souhaitant pas accepter et\/ou se conformer aux CGU et pri\u00e9e de s\u2019abstenir de toute consultation du Site.<br \/>Sans pr\u00e9avis ni information pr\u00e9alable et \u00e0 tout moment, WECAIR se r\u00e9serve le droit de r\u00e9viser les CGU. Les modifications des CGU sont susceptibles de faire l\u2019objet d\u2019une information pr\u00e9alable aupr\u00e8s des personnes inscrites aux services du Site. \u00c0 chaque nouvel acc\u00e8s au Site, les personnes acceptent automatiquement les changements et\/ou modifications apport\u00e9s aux CGU.<br \/>Tout personne qui agit en fraude ou en contradiction avec les CGU s\u2019expose aux poursuites judiciaires.<br \/>Les CGU sont applicables tant que le Site est accessible sur le r\u00e9seau internet.<\/p><p>Art 3. Description des Services<br \/>Le Site fourni des \u00e9l\u00e9ments d\u2019information sur son activit\u00e9 aupr\u00e8s des utilisateurs du Site (ci-apr\u00e8s d\u00e9nomm\u00e9s les \u00ab Utilisateurs \u00bb<br \/>Dans l\u2019int\u00e9r\u00eat du Site et de ses Utilisateur, WECAIR est susceptible de proc\u00e9der \u00e0 des am\u00e9liorations et\/ou \u00e0 des modifications du Site et de ses services \u00e0 tout moment.<\/p><p>Art 4. Acc\u00e8s au Site<br \/>Le Site est accessible \u00e0 tout Utilisateur sept jours sur sept (7j\/7) et vingt-quatre heures sur vingt-quatre (24h\/24).<br \/>L\u2019acc\u00e8s au Site et l\u2019utilisation de ses services n\u00e9cessitent d\u2019acc\u00e9der au r\u00e9seau internet \u00e0 l\u2019aide d\u2019un terminal informatique capable de se connecter au r\u00e9seau internet.<\/p><p>\u00a0<\/p><p>\u00c0 tout moment, WECAIR se r\u00e9serve le droit de couper ou limiter momentan\u00e9ment l\u2019acc\u00e8s au Site ou \u00e0 tout ou partie de ses services pour proc\u00e9der \u00e0 des op\u00e9rations de maintenance, de modification et\/ou d\u2019am\u00e9lioration.<br \/>WECAIR ne peut \u00eatre tenue responsable de toute interruption d\u2019acc\u00e8s au Site et \u00e0 ses Services qui ne rel\u00e8ve pas de son seul fait.<\/p><p>Art 6. Contenus du Site<br \/>WECAIR n\u2019exerce aucun contr\u00f4le ni aucune mod\u00e9ration ou op\u00e9ration de \u00ab webmastering \u00bb sur tout contenu publi\u00e9 sur le Site par toute personne qui utilise le Site et\/ou ses services.<br \/>En aucune circonstance WECAIR ne peut \u00eatre tenu responsable de la qualit\u00e9 des informations et des contenus fournis par les Utilisateurs, ni des cons\u00e9quences (notamment tout dommage ou litige) pouvant r\u00e9sulter de l\u2019utilisation des services propos\u00e9s.<br \/>Les \u00e9l\u00e9ments et informations pr\u00e9sent\u00e9s et affich\u00e9s rel\u00e8vent express\u00e9ment de la responsabilit\u00e9 de chaque personne qui les a publi\u00e9s sur le Site. \u00c0 ce titre, ils ne pr\u00e9sentent qu\u00b4une valeur indicative et ne peuvent \u00eatre consid\u00e9r\u00e9s comme fiables. De m\u00eame, WECAIR \u00c0 ce titre, ils ne peuvent notamment pas \u00eatre consid\u00e9r\u00e9s en tant que conseils personnels, professionnels ou juridiques.<br \/>Tous les \u00e9l\u00e9ments mis en ligne et publi\u00e9s par un quelconque utilisateur du Site ne rel\u00e8vent que de leur seule responsabilit\u00e9. WECAIR n\u00b4exerce aucun contr\u00f4le a priori sur lesdits \u00e9l\u00e9ments. \u00c0 ce titre, WECAIR ne peut pas \u00eatre tenu pour responsable de tout dommage cons\u00e9cutif \u00e0 la publication ou \u00e0 l\u00b4utilisation des \u00e9l\u00e9ments publi\u00e9s sur le Site par les Utilisateurs.<\/p><p>La mise en ligne et\/ou la publication de tout contenu, par une quelconque personne sur le Site, susceptible de comporter un quelconque caract\u00e8re contraire aux lois ou aux r\u00e8glements en vigueur autant qu\u2019\u00e0 l\u2019ordre public, aux bonnes m\u0153urs ou \u00e0 un droit quelconque est strictement interdite. En cons\u00e9quence, WECAIR recommande fortement aux Utilisateurs de s\u2019assurer de la valeur de chaque \u00e9l\u00e9ment qu\u2019il publie sur le Site. En cas de signalement d\u00b4un tel caract\u00e8re contraire, WECAIR se r\u00e9serve le droit de retirer ledit contenu et de supprimer ou bannir le compte correspondant audit contenu contraire.<br \/>Toute personne peut signaler \u00e0 WECAIR l\u2019existence d\u2019un contenu contraire en envoyant un message \u00e9lectronique \u00e0 l\u2019adresse suivante : info@wecair.eu<br \/>Toute publication de communications comportant un caract\u00e8re commerciale ne peut \u00eatre effectu\u00e9e sans l\u00b4autorisation pr\u00e9alable et expresse de WECAIR. Cette demande d\u00b4autorisation s\u00b4effectue par \u00e9crite \u00e0 l\u2019adresse suivante : 1 route de C\u00e9nac, 33360 Latresne<\/p><p>Art 7. Donn\u00e9es Personnelles<br \/>L\u2019inscription au Site et\/ou l\u2019utilisation de certains services du Site n\u00e9cessite des collectes d\u2019informations caract\u00e8re personnel par WECAIR. Ces op\u00e9rations de collectes sont effectu\u00e9es dans le cadre et dans les strictes limites de la loi n\u00b0 78-17 relative \u00e0 l\u2019informatique, aux fichiers et aux libert\u00e9s.<\/p><p>\u00a0<\/p><p>Les donn\u00e9es personnelles collect\u00e9es au travers du Site concernent strictement celles que chaque Utilisateur a volontairement renseign\u00e9es sur le Site.<br \/>WECAIR accorde une tr\u00e8s grande importance aux donn\u00e9es relatives \u00e0 chaque Utilisateur et met en \u0153uvre tous les moyens permettant d\u2019assurer la confidentialit\u00e9 et la s\u00e9curit\u00e9 des donn\u00e9es transmises par les Utilisateurs au titre de la fourniture et de l\u2019utilisation des contenus et des services du Site.<br \/>L\u2019Utilisateur autorise WECAIR \u00e0 communiquer certaines de ses donn\u00e9es \u00e0 ses partenaires.<br \/>Conform\u00e9ment \u00e0 la loi informatique et libert\u00e9s, chaque Utilisateur inscrit sur le Site est en droit de modifier, corriger et\/ou supprimer tout ou partie de ses donn\u00e9es \u00e0 caract\u00e8re personnel. Vous pouvez exercer ces droits par courrier recommand\u00e9 avec demande d\u2019avis de r\u00e9ception \u00e0 l\u00b4adresse suivante : WECAIR \u2013 1,Route de C\u00e9nac\u2013 33360 Latresne.<\/p><p>\u00a0<\/p><p>Que fait WECAIR avec vos donn\u00e9es personnelles ?<\/p><p>\u00a0<\/p><p>WECAIR collecte et traite des donn\u00e9es personnelles pour permettre l\u00b4administration et l\u00b4utilisation du Site.\u00a0WECAIR utilise vos seules coordonn\u00e9es afin de vous contacter et de vous informer \u00c0 tout moment, chaque Utilisateur est en droit de se d\u00e9sinscrire de la liste \u00ab\u00a0lettre d\u00b4informations\u00a0\u00bb en cliquant sur l\u00b4onglet \u00a0\u00bb d\u00e9sinscription \u00a0\u00bb en bas de la lettre d\u00b4information.<\/p><p>Art 8. Collectes de donn\u00e9es techniques<br \/>WECAIR collecte des donn\u00e9es techniques. De telles collectes sont destin\u00e9es \u00e0 faciliter et am\u00e9liorer l\u2019utilisation du Site. De telles donn\u00e9es techniques concernent principalement les \u00e9l\u00e9ments utilis\u00e9s suivants : navigateur internet, browser, syst\u00e8me de pilotage, nom de domaine du site par laquelle vous avez acc\u00e9d\u00e9 ou quitt\u00e9 ce site.<\/p><p>Art 9. Propri\u00e9t\u00e9<br \/>Tous les contenus du Site, notamment tous les textes, lettes d\u00b4informations, fichiers, document au format PDF, images, photos, films, dessin, croquis, nom de produit, nom de soci\u00e9t\u00e9, logo et signaux ou \u00e9l\u00e9ments, publi\u00e9s directement par WECAIR sont susceptibles d\u2019\u00eatre sa propri\u00e9t\u00e9. Ils sont tous prot\u00e9g\u00e9s par un ou plusieurs droits de propri\u00e9t\u00e9, notamment intellectuelle.<br \/>La reproduction ou la repr\u00e9sentation partielle ou enti\u00e8re, ainsi que tout acte tel que notamment la diffusion, la vente, la publication, la traduction, la modification ou l\u00b4utilisation sont strictement interdites sans autorisation expresse et pr\u00e9alable de WECAIR. La reproduction pour une utilisation priv\u00e9e ou des fins strictement priv\u00e9es et non commerciales sont autoris\u00e9es sous r\u00e9serves que le Site et la soci\u00e9t\u00e9 WECAIR soient cit\u00e9s et dument mentionn\u00e9 en tant que source et auteur.\u00a0<\/p><p>\u00a0<\/p><p>Art 10. Marques<br \/>Tous les \u00e9l\u00e9ments prot\u00e9g\u00e9s au titre d\u2019un droit de marque directement publi\u00e9 sur le Site par WECAIR ou de ses partenaires sont prot\u00e9g\u00e9s et ne peuvent, sauf autorisation expresse et pr\u00e9alable, \u00eatre reproduits ou utilis\u00e9s librement.<\/p><p>Art 11. Liens hypertextes<br \/>Le Site est susceptible de pr\u00e9senter des liens hypertextes pointant vers des sites de partenaires.. La pr\u00e9sence d\u2019un quelconque lien hypertexte d\u2019un site internet quelconque implique la validation, l\u2019acceptation, la coop\u00e9ration ou l\u2019accord de WECAIR \u00e0 quelque titre que ce soit. N\u00e9anmoins, WECAIR n\u2019assume aucune responsabilit\u00e9 quant aux contenus pr\u00e9sents sur les sites internet point\u00e9s.<\/p><p>Art 12. Utilisateurs inscrits sur le Site<br \/>Chaque utilisateur du Site s\u00b4engage et s\u2019oblige \u00e0 ne proposer et\/ou publier que des contenus pr\u00e9sentant un caract\u00e8re d\u00e9cents.<br \/>Le langage employ\u00e9 sur le Site doit \u00eatre correct et ne porter atteinte ni \u00e0 l\u00b4honneur, ni \u00e0 la r\u00e9putation d\u00b4une quelconque personne, morale ou physique. Toute forme de langage pr\u00e9sentant un caract\u00e8re violant, raciste, pornographique, sexuel ou sexiste est strictement interdit.<br \/>WECAIR vous conseil de prendre connaissance de la \u00ab Charte de bonne conduite des utilisateurs d\u00b4internet \u00bb, appel\u00e9 \u00ab Netiquette \u00bb, laquelle est accessible aux adresses www.sri.ucl.ac.be\/SRI\/rfc1855.fr et\u00a0<a href=\"http:\/\/www.ccr.jussieu.fr\/dsi\/doc\/divers\/Netiquette\">www.ccr.jussieu.fr\/dsi\/doc\/divers\/Netiquette<\/a><\/p><p>Art 13. Fonctionnement du Site<br \/>WECAIR permet l\u2019acc\u00e8s au Site et fournit des services avec les soins et attentions en usage dans le cadre d\u2019une simple obligation de moyen. En l\u2019\u00e9tat actuel de la technique, WECAIR n\u2019apporte aucune garantie d\u00b4aucune sorte quant au bon, complet ou parfait fonctionnement du Site. WECAIR ne peut en aucun cas \u00eatre tenu responsable du mauvais fonctionnement ou de l\u2019indisponibilit\u00e9 temporaire (indisponibilit\u00e9 h\u00e9bergement, temps de r\u00e9ponse, piratage, etc.) temporaire ou durable du Site qui ne serait d\u00fb qu\u2019\u00e0 son seul et unique fait.<br \/>De m\u00eame, la responsabilit\u00e9 de WECAIR ne pourrait \u00eatre engag\u00e9e en cas d\u2019inex\u00e9cution de ses obligations imputables \u00e0 un fait impr\u00e9visible et insurmontable d\u2019un tiers quelconque ou en cas de force majeure. De m\u00eame, la responsabilit\u00e9 de WECAIR ne peut en aucun cas voir sa responsabilit\u00e9 engag\u00e9e pour tous les inconv\u00e9nients ou dommages inh\u00e9rents \u00e0 l\u2019utilisation du r\u00e9seau Internet, notamment en cas de rupture de service, d\u00b4intrusion ext\u00e9rieure ou de pr\u00e9sence de virus informatiques. Il en va de m\u00eame en ce qui concerne les compatibilit\u00e9s, interop\u00e9rabilit\u00e9s et qualit\u00e9s inh\u00e9rentes \u00e0 l\u2019utilisation de moyens physiques ou techniques.<\/p><p>\u00a0<\/p><p>Art 14. Nullit\u00e9<br \/>Si l\u2019une quelconque des stipulations des CGU s\u2019av\u00e9rait nulle au regard d\u2019une r\u00e8gle de droit en vigueur ou d\u2019une d\u00e9cision judiciaire devenue d\u00e9finitive, elle serait alors r\u00e9put\u00e9e non \u00e9crite, sans pour autant entra\u00eener la nullit\u00e9 partielle ou totale des CGU ni alt\u00e9rer la validit\u00e9 de ses autres stipulations.<\/p><p>Art 15. Service Utilisateurs<br \/>Pour toute information ou question au Site et\/ou \u00e0 son utilisation, veuillez contacter le Site \u00e0 l\u2019adresse :\u00a0<a href=\"mailto:info@wecair.eu\">info@wecair.eu<\/a><\/p><p>Art 16. Droit applicable et diff\u00e9rends<br \/>Les pr\u00e9sentes CGU sont soumises \u00e0 la loi fran\u00e7aise.<\/p><p>\u00a0<\/p><\/div><\/div><p>\u00a0<\/p><h3>Confidentialit\u00e9s\u00a0<\/h3><p>[matomo_opt_out]<\/p>\t\t\t\t\t\t<\/div>\r\n\t\t\t\t<\/div>\r\n\t\t\t\t\t<\/div>\r\n\t\t<\/div>\r\n\t\t\t\t\t<\/div>\r\n\t\t<\/section>\r\n\t\t\t\t<\/div>\r\n\t\t","protected":false},"excerpt":{"rendered":"<p>Conditions G\u00e9n\u00e9rales d&rsquo;Utilisation Date de publication : 09\/10\/2017 Art 1. ObjetLes pr\u00e9sentes Conditions g\u00e9n\u00e9rales d\u2019utilisation (ci-apr\u00e8s d\u00e9nomm\u00e9e les \u00ab CGU \u00bb) fixent et d\u00e9terminent les r\u00e8gles d\u2019acc\u00e8s au site internet www.wecair.eu (ci-apr\u00e8s d\u00e9nomm\u00e9 le \u00ab Site \u00bb) \u00e9dit\u00e9 par la SAS WECAIR (ci-apr\u00e8s d\u00e9nomm\u00e9 le \u00ab Site \u00bb) et les conditions d\u2019utilisation des services fournis [&hellip;]<\/p>\n","protected":false},"author":1,"featured_media":0,"parent":0,"menu_order":0,"comment_status":"closed","ping_status":"closed","template":"","meta":{"inline_featured_image":false,"footnotes":""},"class_list":["post-3455","page","type-page","status-publish","hentry"],"yoast_head":"<!-- This site is optimized with the Yoast SEO plugin v27.1 - https:\/\/yoast.com\/product\/yoast-seo-wordpress\/ -->\n<title>CGU - Wecair<\/title>\n<meta name=\"description\" content=\"Vous souhaitez contacter l&#039;\u00e9cole internationale Wecair et d\u00e9couvrir le m\u00e9tier de pilote de ligne ? Notre \u00e9quipe est l\u00e0 pour r\u00e9pondre \u00e0 vos questions !\" \/>\n<meta name=\"robots\" content=\"index, follow, max-snippet:-1, max-image-preview:large, max-video-preview:-1\" \/>\n<link rel=\"canonical\" href=\"https:\/\/wecair.eu\/en\/cgu\/\" \/>\n<meta property=\"og:locale\" content=\"en_US\" \/>\n<meta property=\"og:type\" content=\"article\" \/>\n<meta property=\"og:title\" content=\"CGU - Wecair\" \/>\n<meta property=\"og:description\" content=\"Vous souhaitez contacter l&#039;\u00e9cole internationale Wecair et d\u00e9couvrir le m\u00e9tier de pilote de ligne ? Notre \u00e9quipe est l\u00e0 pour r\u00e9pondre \u00e0 vos questions !\" \/>\n<meta property=\"og:url\" content=\"https:\/\/wecair.eu\/en\/cgu\/\" \/>\n<meta property=\"og:site_name\" content=\"Wecair\" \/>\n<meta property=\"article:publisher\" content=\"https:\/\/www.facebook.com\/Wecairpilotschool\/\" \/>\n<meta property=\"article:modified_time\" content=\"2024-03-13T17:34:40+00:00\" \/>\n<meta property=\"og:image\" content=\"https:\/\/wecair.eu\/wp-content\/uploads\/2019\/06\/image-site-apercu.jpg\" \/>\n\t<meta property=\"og:image:width\" content=\"1200\" \/>\n\t<meta property=\"og:image:height\" content=\"630\" \/>\n\t<meta property=\"og:image:type\" content=\"image\/jpeg\" \/>\n<meta name=\"twitter:label1\" content=\"Est. reading time\" \/>\n\t<meta name=\"twitter:data1\" content=\"9 minutes\" \/>\n<script type=\"application\/ld+json\" class=\"yoast-schema-graph\">{\"@context\":\"https:\/\/schema.org\",\"@graph\":[{\"@type\":\"WebPage\",\"@id\":\"https:\/\/wecair.eu\/cgu\/\",\"url\":\"https:\/\/wecair.eu\/cgu\/\",\"name\":\"CGU - Wecair\",\"isPartOf\":{\"@id\":\"https:\/\/wecair.eu\/#website\"},\"datePublished\":\"2021-03-11T10:01:03+00:00\",\"dateModified\":\"2024-03-13T17:34:40+00:00\",\"description\":\"Vous souhaitez contacter l'\u00e9cole internationale Wecair et d\u00e9couvrir le m\u00e9tier de pilote de ligne ? Notre \u00e9quipe est l\u00e0 pour r\u00e9pondre \u00e0 vos questions !\",\"breadcrumb\":{\"@id\":\"https:\/\/wecair.eu\/cgu\/#breadcrumb\"},\"inLanguage\":\"en-US\",\"potentialAction\":[{\"@type\":\"ReadAction\",\"target\":[\"https:\/\/wecair.eu\/cgu\/\"]}]},{\"@type\":\"BreadcrumbList\",\"@id\":\"https:\/\/wecair.eu\/cgu\/#breadcrumb\",\"itemListElement\":[{\"@type\":\"ListItem\",\"position\":1,\"name\":\"Accueil\",\"item\":\"https:\/\/wecair.eu\/\"},{\"@type\":\"ListItem\",\"position\":2,\"name\":\"CGU\"}]},{\"@type\":\"WebSite\",\"@id\":\"https:\/\/wecair.eu\/#website\",\"url\":\"https:\/\/wecair.eu\/\",\"name\":\"Wecair\",\"description\":\"\u00c9cole internationale de formation de pilote de ligne\",\"publisher\":{\"@id\":\"https:\/\/wecair.eu\/#organization\"},\"potentialAction\":[{\"@type\":\"SearchAction\",\"target\":{\"@type\":\"EntryPoint\",\"urlTemplate\":\"https:\/\/wecair.eu\/?s={search_term_string}\"},\"query-input\":{\"@type\":\"PropertyValueSpecification\",\"valueRequired\":true,\"valueName\":\"search_term_string\"}}],\"inLanguage\":\"en-US\"},{\"@type\":\"Organization\",\"@id\":\"https:\/\/wecair.eu\/#organization\",\"name\":\"Wecair\",\"url\":\"https:\/\/wecair.eu\/\",\"logo\":{\"@type\":\"ImageObject\",\"inLanguage\":\"en-US\",\"@id\":\"https:\/\/wecair.eu\/#\/schema\/logo\/image\/\",\"url\":\"https:\/\/wecair.eu\/wp-content\/uploads\/2024\/01\/Wecair-Logo.png\",\"contentUrl\":\"https:\/\/wecair.eu\/wp-content\/uploads\/2024\/01\/Wecair-Logo.png\",\"width\":140,\"height\":28,\"caption\":\"Wecair\"},\"image\":{\"@id\":\"https:\/\/wecair.eu\/#\/schema\/logo\/image\/\"},\"sameAs\":[\"https:\/\/www.facebook.com\/Wecairpilotschool\/\",\"https:\/\/www.instagram.com\/wecair\/\"]}]}<\/script>\n<!-- \/ Yoast SEO plugin. -->","yoast_head_json":{"title":"CGU - Wecair","description":"Vous souhaitez contacter l'\u00e9cole internationale Wecair et d\u00e9couvrir le m\u00e9tier de pilote de ligne ? Notre \u00e9quipe est l\u00e0 pour r\u00e9pondre \u00e0 vos questions !","robots":{"index":"index","follow":"follow","max-snippet":"max-snippet:-1","max-image-preview":"max-image-preview:large","max-video-preview":"max-video-preview:-1"},"canonical":"https:\/\/wecair.eu\/en\/cgu\/","og_locale":"en_US","og_type":"article","og_title":"CGU - Wecair","og_description":"Vous souhaitez contacter l'\u00e9cole internationale Wecair et d\u00e9couvrir le m\u00e9tier de pilote de ligne ? Notre \u00e9quipe est l\u00e0 pour r\u00e9pondre \u00e0 vos questions !","og_url":"https:\/\/wecair.eu\/en\/cgu\/","og_site_name":"Wecair","article_publisher":"https:\/\/www.facebook.com\/Wecairpilotschool\/","article_modified_time":"2024-03-13T17:34:40+00:00","og_image":[{"width":1200,"height":630,"url":"https:\/\/wecair.eu\/wp-content\/uploads\/2019\/06\/image-site-apercu.jpg","type":"image\/jpeg"}],"twitter_misc":{"Est. reading time":"9 minutes"},"schema":{"@context":"https:\/\/schema.org","@graph":[{"@type":"WebPage","@id":"https:\/\/wecair.eu\/cgu\/","url":"https:\/\/wecair.eu\/cgu\/","name":"CGU - Wecair","isPartOf":{"@id":"https:\/\/wecair.eu\/#website"},"datePublished":"2021-03-11T10:01:03+00:00","dateModified":"2024-03-13T17:34:40+00:00","description":"Vous souhaitez contacter l'\u00e9cole internationale Wecair et d\u00e9couvrir le m\u00e9tier de pilote de ligne ? Notre \u00e9quipe est l\u00e0 pour r\u00e9pondre \u00e0 vos questions !","breadcrumb":{"@id":"https:\/\/wecair.eu\/cgu\/#breadcrumb"},"inLanguage":"en-US","potentialAction":[{"@type":"ReadAction","target":["https:\/\/wecair.eu\/cgu\/"]}]},{"@type":"BreadcrumbList","@id":"https:\/\/wecair.eu\/cgu\/#breadcrumb","itemListElement":[{"@type":"ListItem","position":1,"name":"Accueil","item":"https:\/\/wecair.eu\/"},{"@type":"ListItem","position":2,"name":"CGU"}]},{"@type":"WebSite","@id":"https:\/\/wecair.eu\/#website","url":"https:\/\/wecair.eu\/","name":"Wecair","description":"\u00c9cole internationale de formation de pilote de ligne","publisher":{"@id":"https:\/\/wecair.eu\/#organization"},"potentialAction":[{"@type":"SearchAction","target":{"@type":"EntryPoint","urlTemplate":"https:\/\/wecair.eu\/?s={search_term_string}"},"query-input":{"@type":"PropertyValueSpecification","valueRequired":true,"valueName":"search_term_string"}}],"inLanguage":"en-US"},{"@type":"Organization","@id":"https:\/\/wecair.eu\/#organization","name":"Wecair","url":"https:\/\/wecair.eu\/","logo":{"@type":"ImageObject","inLanguage":"en-US","@id":"https:\/\/wecair.eu\/#\/schema\/logo\/image\/","url":"https:\/\/wecair.eu\/wp-content\/uploads\/2024\/01\/Wecair-Logo.png","contentUrl":"https:\/\/wecair.eu\/wp-content\/uploads\/2024\/01\/Wecair-Logo.png","width":140,"height":28,"caption":"Wecair"},"image":{"@id":"https:\/\/wecair.eu\/#\/schema\/logo\/image\/"},"sameAs":["https:\/\/www.facebook.com\/Wecairpilotschool\/","https:\/\/www.instagram.com\/wecair\/"]}]}},"_links":{"self":[{"href":"https:\/\/wecair.eu\/en\/wp-json\/wp\/v2\/pages\/3455","targetHints":{"allow":["GET"]}}],"collection":[{"href":"https:\/\/wecair.eu\/en\/wp-json\/wp\/v2\/pages"}],"about":[{"href":"https:\/\/wecair.eu\/en\/wp-json\/wp\/v2\/types\/page"}],"author":[{"embeddable":true,"href":"https:\/\/wecair.eu\/en\/wp-json\/wp\/v2\/users\/1"}],"replies":[{"embeddable":true,"href":"https:\/\/wecair.eu\/en\/wp-json\/wp\/v2\/comments?post=3455"}],"version-history":[{"count":0,"href":"https:\/\/wecair.eu\/en\/wp-json\/wp\/v2\/pages\/3455\/revisions"}],"wp:attachment":[{"href":"https:\/\/wecair.eu\/en\/wp-json\/wp\/v2\/media?parent=3455"}],"curies":[{"name":"wp","href":"https:\/\/api.w.org\/{rel}","templated":true}]}}